{"id":1238,"date":"2025-08-09T23:48:46","date_gmt":"2025-08-09T23:48:46","guid":{"rendered":"https:\/\/fovalenciolab.art.br\/loja\/?post_type=product&#038;p=1238"},"modified":"2025-08-09T23:52:38","modified_gmt":"2025-08-09T23:52:38","slug":"wind-banner-personalizado-somente-refil-c-blackout","status":"publish","type":"product","link":"https:\/\/fovalenciolab.art.br\/loja\/produto\/wind-banner-personalizado-somente-refil-c-blackout\/","title":{"rendered":"Wind Banner Personalizado Somente Refil C\/ Blackout"},"content":{"rendered":"<p>Wind Banner Bandeira Personalizado Somente Refil Dupla Face<\/p>\n<p>O produto contempla 01 Bandeira para wind banner<\/p>\n<p>Tamanhos a escolher no an\u00fancio: 1 metro; 1,5 metros; 2 metros; 2,5 metros e 3 metros<\/p>\n<p>O Wind Banner \u00e9 o novo jeito de divulga\u00e7\u00e3o para seu neg\u00f3cio, eventos e festas, e sua facilidade de uso \u00e9 o seu grande diferencial.<\/p>\n<p>O design dupla face \u00fanico permite que as cores vibrante da bandeira sejam vistos a grandes dist\u00e2ncias.<\/p>\n<p>As bandeiras s\u00e3o projetadas em tecido poli\u00e9ster resistente a rasgos, proporcionando durabilidade para uso interno e externo.<\/p>\n<p>Cria\u00e7\u00e3o de arte inclusa, caso necess\u00e1rio.<\/p>\n<p>************************ MUITO IMPORTANTE ************************<\/p>\n<p>N\u00c3O FAZEMOS O REDESENHO DE IMAGENS E LOGOTIPOS, PORTANTO SEMPRE ENVIE VOSSAS IMAGENS NO M\u00cdNIMO ACEIT\u00c1VEL PARA IMPRESS\u00c3O.<\/p>\n<p>************************ MUITO IMPORTANTE ************************<br \/>\n====================================================================================<\/p>\n<p>************************ N\u00c3O ACOMPANHA HASTE E BASE ************************<br \/>\nPara tal, visite nossa loja e veja nosso an\u00fancio de kit completo<\/p>\n<p>Garantia de Fabrica 90 dias<\/p>\n<p>Observa\u00e7\u00f5es:<\/p>\n<p>1 &#8211; Ap\u00f3s a compra, favor nos enviar a arte para iniciarmos a produ\u00e7\u00e3o, pois temos um prazo para preparar.<br \/>\n2 &#8211; Tenho arte: Ap\u00f3s a compra ser\u00e1 liberado um chat para que possa est\u00e1 nos enviando a arte.<br \/>\n3 &#8211; N\u00e3o tenho arte: Ap\u00f3s a compra ser\u00e1 liberado um chat para est\u00e1 nos passando maiores informa\u00e7\u00f5es no desenvolvimento da arte, mandamos uma pr\u00e9via antes de ser impresso.<br \/>\n4 &#8211; Confira sempre vossos dados, imagens e informa\u00e7\u00f5es. AP\u00d3S APROVADO, N\u00c3O NOS RESPONSABILIZAMOS POR ERROS DE DIGITA\u00c7\u00c3O, N\u00daMEROS TROCADOS OU ERRO DE INFORMA\u00c7\u00d5ES no produto.<br \/>\n5 &#8211; MUITO IMPORTANTE: N\u00c3O FAZEMOS O REDESENHO DE IMAGENS E LOGOTIPOS, PORTANTO SEMPRE ENVIE VOSSA ARTE NO M\u00cdNIMO ACEIT\u00c1VEL PARA IMPRESS\u00c3O.<\/p>\n<p>********* CRIA\u00c7\u00d5ES DE ARTE S\u00d3 SER\u00c3O FEITAS AP\u00d3S A REALIZA\u00c7\u00c3O DO PEDIDO, N\u00c3O FAZEMOS PR\u00c9VIAS E NEM AMOSTRAS *********<\/p>\n","protected":false},"excerpt":{"rendered":"<p>Wind Banner Bandeira Personalizado Somente Refil Dupla Face O produto contempla 01 Bandeira para wind banner Tamanhos a escolher no&hellip;<\/p>\n","protected":false},"featured_media":1142,"comment_status":"open","ping_status":"closed","template":"","meta":[],"product_brand":[79],"product_cat":[67,65],"product_tag":[80,78,77,76],"class_list":{"0":"post-1238","1":"product","2":"type-product","3":"status-publish","4":"has-post-thumbnail","6":"product_brand-fovalencio-lab","7":"product_cat-refil-blackout","8":"product_cat-windbanners","9":"product_tag-blackout","10":"product_tag-personalizado","11":"product_tag-refil","12":"product_tag-windbanner","14":"first","15":"instock","16":"shipping-taxable","17":"purchasable","18":"product-type-variable"},"_links":{"self":[{"href":"https:\/\/fovalenciolab.art.br\/loja\/wp-json\/wp\/v2\/product\/1238","targetHints":{"allow":["GET"]}}],"collection":[{"href":"https:\/\/fovalenciolab.art.br\/loja\/wp-json\/wp\/v2\/product"}],"about":[{"href":"https:\/\/fovalenciolab.art.br\/loja\/wp-json\/wp\/v2\/types\/product"}],"replies":[{"embeddable":true,"href":"https:\/\/fovalenciolab.art.br\/loja\/wp-json\/wp\/v2\/comments?post=1238"}],"wp:featuredmedia":[{"embeddable":true,"href":"https:\/\/fovalenciolab.art.br\/loja\/wp-json\/wp\/v2\/media\/1142"}],"wp:attachment":[{"href":"https:\/\/fovalenciolab.art.br\/loja\/wp-json\/wp\/v2\/media?parent=1238"}],"wp:term":[{"taxonomy":"product_brand","embeddable":true,"href":"https:\/\/fovalenciolab.art.br\/loja\/wp-json\/wp\/v2\/product_brand?post=1238"},{"taxonomy":"product_cat","embeddable":true,"href":"https:\/\/fovalenciolab.art.br\/loja\/wp-json\/wp\/v2\/product_cat?post=1238"},{"taxonomy":"product_tag","embeddable":true,"href":"https:\/\/fovalenciolab.art.br\/loja\/wp-json\/wp\/v2\/product_tag?post=1238"}],"curies":[{"name":"wp","href":"https:\/\/api.w.org\/{rel}","templated":true}]}}