{"id":1245,"date":"2025-08-10T03:18:16","date_gmt":"2025-08-10T03:18:16","guid":{"rendered":"https:\/\/fovalenciolab.art.br\/loja\/?post_type=product&#038;p=1245"},"modified":"2025-08-10T03:20:28","modified_gmt":"2025-08-10T03:20:28","slug":"bandeira-personalizada-simples-oxford","status":"publish","type":"product","link":"https:\/\/fovalenciolab.art.br\/loja\/produto\/bandeira-personalizada-simples-oxford\/","title":{"rendered":"Bandeira Personalizada Simples &#8211; OXFORD"},"content":{"rendered":"<p>Informa\u00e7\u00f5es T\u00e9cnicas<br \/>\nComposi\u00e7\u00e3o: Tecido 100% poli\u00e9ster<br \/>\nProcesso: Estampa digital de alta qualidade, com tintas que n\u00e3o agridem o meio ambiente<br \/>\nPersonaliza\u00e7\u00e3o: produzido atrav\u00e9s do processo de sublima\u00e7\u00e3o<br \/>\nAcabamento: Costura refor\u00e7ada com ilh\u00f3s (opcional)<br \/>\nPode ser lavada: Sim<br \/>\nFaces: Uma ou dupla-face<br \/>\nIndicado para: Times de Futebol, Torcidas organizadas, exposi\u00e7\u00f5es, eventos, festas, shows, jogos, atl\u00e9ticas, Empresas entre outros<\/p>\n<p>OBS: n\u00e3o acompanha mastros\/haste\/bambu<\/p>\n<p>BENEF\u00cdCIOS DA BANDEIRA PERSONALIZADA<br \/>\n\u2013 F\u00e1cil instala\u00e7\u00e3o<br \/>\n\u2013 N\u00e3o desbota<br \/>\n\u2013 Pode ser lavado quantas vezes for necess\u00e1rio<br \/>\n\u2013 Alt\u00edssima durabilidade<br \/>\n\u2013 N\u00e3o reflete luz, por ser feito em tecido<br \/>\n\u2013 Alta resolu\u00e7\u00e3o de impress\u00e3o 1220 DPI<br \/>\n\u2013 Tintas originais ecologicamente correta que n\u00e3o agridem o meio ambiente<\/p>\n<p>PRODU\u00c7\u00c3O E ENVIO:<br \/>\n\u2013 Garantia contra defeito de fabrica\u00e7\u00e3o.<br \/>\n\u2013 O envio \u00e9 feito em embalagem individual.<br \/>\n\u2013 Os prazos para entrega variam de acordo com o seu CEP<\/p>\n<p>************************ MUITO IMPORTANTE ************************<\/p>\n<p>N\u00c3O FAZEMOS O REDESENHO DE IMAGENS E LOGOTIPOS, PORTANTO SEMPRE ENVIE VOSSAS IMAGENS NO M\u00cdNIMO ACEIT\u00c1VEL PARA IMPRESS\u00c3O.<\/p>\n<p>************************ MUITO IMPORTANTE ************************<br \/>\n====================================================================================<\/p>\n<p>************************ N\u00c3O ACOMPANHA HASTE E BASE ************************<br \/>\nPara tal, visite nossa loja e veja nosso an\u00fancio de kit completo<\/p>\n<p>Garantia de Fabrica 90 dias<\/p>\n<p>Observa\u00e7\u00f5es:<\/p>\n<p>1 &#8211; Ap\u00f3s a compra, favor nos enviar a arte para iniciarmos a produ\u00e7\u00e3o, pois temos um prazo para preparar.<br \/>\n2 &#8211; Tenho arte: Ap\u00f3s a compra ser\u00e1 liberado um chat para que possa est\u00e1 nos enviando a arte.<br \/>\n3 &#8211; N\u00e3o tenho arte: Ap\u00f3s a compra ser\u00e1 liberado um chat para est\u00e1 nos passando maiores informa\u00e7\u00f5es no desenvolvimento da arte, mandamos uma pr\u00e9via antes de ser impresso.<br \/>\n4 &#8211; Confira sempre vossos dados, imagens e informa\u00e7\u00f5es. AP\u00d3S APROVADO, N\u00c3O NOS RESPONSABILIZAMOS POR ERROS DE DIGITA\u00c7\u00c3O, N\u00daMEROS TROCADOS OU ERRO DE INFORMA\u00c7\u00d5ES no produto.<br \/>\n5 &#8211; MUITO IMPORTANTE: N\u00c3O FAZEMOS O REDESENHO DE IMAGENS E LOGOTIPOS, PORTANTO SEMPRE ENVIE VOSSA ARTE NO M\u00cdNIMO ACEIT\u00c1VEL PARA IMPRESS\u00c3O.<\/p>\n<p>********* CRIA\u00c7\u00d5ES DE ARTE S\u00d3 SER\u00c3O FEITAS AP\u00d3S A REALIZA\u00c7\u00c3O DO PEDIDO, N\u00c3O FAZEMOS PR\u00c9VIAS E NEM AMOSTRAS *********<\/p>\n<p>DESENVOLVEMOS SUA ARTE GR\u00c1TIS<\/p>\n","protected":false},"excerpt":{"rendered":"<p>Informa\u00e7\u00f5es T\u00e9cnicas Composi\u00e7\u00e3o: Tecido 100% poli\u00e9ster Processo: Estampa digital de alta qualidade, com tintas que n\u00e3o agridem o meio ambiente&hellip;<\/p>\n","protected":false},"featured_media":1267,"comment_status":"closed","ping_status":"closed","template":"","meta":[],"product_brand":[79],"product_cat":[30,69,71,70],"product_tag":[],"class_list":{"0":"post-1245","1":"product","2":"type-product","3":"status-publish","4":"has-post-thumbnail","6":"product_brand-fovalencio-lab","7":"product_cat-bandeira","8":"product_cat-ilhos","9":"product_cat-mastro","10":"product_cat-sem-acabamento","12":"first","13":"instock","14":"shipping-taxable","15":"purchasable","16":"product-type-variable"},"_links":{"self":[{"href":"https:\/\/fovalenciolab.art.br\/loja\/wp-json\/wp\/v2\/product\/1245","targetHints":{"allow":["GET"]}}],"collection":[{"href":"https:\/\/fovalenciolab.art.br\/loja\/wp-json\/wp\/v2\/product"}],"about":[{"href":"https:\/\/fovalenciolab.art.br\/loja\/wp-json\/wp\/v2\/types\/product"}],"replies":[{"embeddable":true,"href":"https:\/\/fovalenciolab.art.br\/loja\/wp-json\/wp\/v2\/comments?post=1245"}],"wp:featuredmedia":[{"embeddable":true,"href":"https:\/\/fovalenciolab.art.br\/loja\/wp-json\/wp\/v2\/media\/1267"}],"wp:attachment":[{"href":"https:\/\/fovalenciolab.art.br\/loja\/wp-json\/wp\/v2\/media?parent=1245"}],"wp:term":[{"taxonomy":"product_brand","embeddable":true,"href":"https:\/\/fovalenciolab.art.br\/loja\/wp-json\/wp\/v2\/product_brand?post=1245"},{"taxonomy":"product_cat","embeddable":true,"href":"https:\/\/fovalenciolab.art.br\/loja\/wp-json\/wp\/v2\/product_cat?post=1245"},{"taxonomy":"product_tag","embeddable":true,"href":"https:\/\/fovalenciolab.art.br\/loja\/wp-json\/wp\/v2\/product_tag?post=1245"}],"curies":[{"name":"wp","href":"https:\/\/api.w.org\/{rel}","templated":true}]}}