{"id":141,"date":"2025-07-31T06:39:40","date_gmt":"2025-07-31T06:39:40","guid":{"rendered":"https:\/\/shop.fovalenciolab.art.br\/produto\/wind-banner-personalizado-completo-dupla-face\/"},"modified":"2025-08-19T13:00:39","modified_gmt":"2025-08-19T13:00:39","slug":"wind-banner-personalizado-completo-dupla-face","status":"publish","type":"product","link":"https:\/\/fovalenciolab.art.br\/loja\/produto\/wind-banner-personalizado-completo-dupla-face\/","title":{"rendered":"Wind Banner Personalizado Completo &#8211; Dupla Face"},"content":{"rendered":"<p>O Wind Banner \u00e9 o novo jeito de divulga seu neg\u00f3cio, eventos e festas, e sua facilidade de uso \u00e9 o seu grande diferencial.<\/p>\n<p>O design dupla face \u00fanico permite que as cores vibrante da bandeira sejam vistos a grandes dist\u00e2ncias.<\/p>\n<p>As bandeiras s\u00e3o projetadas em tecido poli\u00e9ster resistente a rasgos, proporcionando durabilidade para uso interno e externo.<\/p>\n<p>Garantia de Fabrica 90dias<\/p>\n<p>************************ MUITO IMPORTANTE ************************<\/p>\n<p>N\u00c3O FAZEMOS O REDESENHO DE IMAGENS E LOGOTIPOS, PORTANTO SEMPRE ENVIE VOSSAS IMAGENS NO M\u00cdNIMO ACEIT\u00c1VEL PARA IMPRESS\u00c3O.<\/p>\n<p>************************ MUITO IMPORTANTE ************************<\/p>\n<p>Garantia de Fabrica 90 dias<\/p>\n<p>Observa\u00e7\u00f5es:<\/p>\n<p>1 &#8211; Ap\u00f3s a compra, favor nos enviar a arte para iniciarmos a produ\u00e7\u00e3o, pois temos um prazo para preparar.<br \/>\n2 &#8211; Tenho arte: Ap\u00f3s a compra ser\u00e1 liberado um chat para que possa est\u00e1 nos enviando a arte.<br \/>\n3 &#8211; N\u00e3o tenho arte: Ap\u00f3s a compra ser\u00e1 liberado um chat para est\u00e1 nos passando maiores informa\u00e7\u00f5es no desenvolvimento da arte, mandamos uma pr\u00e9via antes de ser impresso.<br \/>\n4 &#8211; Confira sempre vossos dados, imagens e informa\u00e7\u00f5es. AP\u00d3S APROVADO, N\u00c3O NOS RESPONSABILIZAMOS POR ERROS DE DIGITA\u00c7\u00c3O, N\u00daMEROS TROCADOS OU ERRO DE INFORMA\u00c7\u00d5ES no produto.<br \/>\n5 &#8211; MUITO IMPORTANTE: N\u00c3O FAZEMOS O REDESENHO DE IMAGENS E LOGOTIPOS, PORTANTO SEMPRE ENVIE VOSSA ARTE NO M\u00cdNIMO ACEIT\u00c1VEL PARA IMPRESS\u00c3O.<\/p>\n<p>********* CRIA\u00c7\u00d5ES DE ARTE S\u00d3 SER\u00c3O FEITAS AP\u00d3S A REALIZA\u00c7\u00c3O DO PEDIDO, N\u00c3O FAZEMOS PR\u00c9VIAS E NEM AMOSTRAS *********<\/p>\n","protected":false},"excerpt":{"rendered":"<p>O Wind Banner \u00e9 o novo jeito de divulga seu neg\u00f3cio, eventos e festas, e sua facilidade de uso \u00e9&hellip;<\/p>\n","protected":false},"featured_media":136,"comment_status":"open","ping_status":"closed","template":"","meta":[],"product_brand":[],"product_cat":[68,65],"product_tag":[81,78,76],"class_list":{"0":"post-141","1":"product","2":"type-product","3":"status-publish","4":"has-post-thumbnail","6":"product_cat-completo","7":"product_cat-windbanners","8":"product_tag-completo","9":"product_tag-personalizado","10":"product_tag-windbanner","12":"first","13":"instock","14":"shipping-taxable","15":"purchasable","16":"product-type-variable"},"_links":{"self":[{"href":"https:\/\/fovalenciolab.art.br\/loja\/wp-json\/wp\/v2\/product\/141","targetHints":{"allow":["GET"]}}],"collection":[{"href":"https:\/\/fovalenciolab.art.br\/loja\/wp-json\/wp\/v2\/product"}],"about":[{"href":"https:\/\/fovalenciolab.art.br\/loja\/wp-json\/wp\/v2\/types\/product"}],"replies":[{"embeddable":true,"href":"https:\/\/fovalenciolab.art.br\/loja\/wp-json\/wp\/v2\/comments?post=141"}],"wp:featuredmedia":[{"embeddable":true,"href":"https:\/\/fovalenciolab.art.br\/loja\/wp-json\/wp\/v2\/media\/136"}],"wp:attachment":[{"href":"https:\/\/fovalenciolab.art.br\/loja\/wp-json\/wp\/v2\/media?parent=141"}],"wp:term":[{"taxonomy":"product_brand","embeddable":true,"href":"https:\/\/fovalenciolab.art.br\/loja\/wp-json\/wp\/v2\/product_brand?post=141"},{"taxonomy":"product_cat","embeddable":true,"href":"https:\/\/fovalenciolab.art.br\/loja\/wp-json\/wp\/v2\/product_cat?post=141"},{"taxonomy":"product_tag","embeddable":true,"href":"https:\/\/fovalenciolab.art.br\/loja\/wp-json\/wp\/v2\/product_tag?post=141"}],"curies":[{"name":"wp","href":"https:\/\/api.w.org\/{rel}","templated":true}]}}